{"id":13521,"date":"2022-08-03T15:59:56","date_gmt":"2022-08-03T18:59:56","guid":{"rendered":"https:\/\/sparkadvisers.com.br\/surety-bond\/"},"modified":"2022-08-03T15:59:56","modified_gmt":"2022-08-03T18:59:56","slug":"surety-bond","status":"publish","type":"page","link":"https:\/\/sparkadvisers.com.br\/en\/surety-bond\/","title":{"rendered":"Surety Bond"},"content":{"rendered":"<section id=\"modalidadesfianca\" class=\"modulo-modalidades-fianca pt-4 pb-4\"  data-effects=\"bottom\">\n\t<div class=\"container\">\n\t\t<div class=\"row\">\n\t\t\t<div class=\"col-md-4 text-center\">\n\t\t\t\t<div class=\"spot-parceiro animate\" data-effects=\"bottom\">\n                    <div class=\"spot-parceiro-img bg-cover-center\" style=\"background-image: url('https:\/\/sparkadvisers.com.br\/spkadv\/wp-content\/uploads\/2021\/08\/icon-seguro-hover.jpg')\">\t\t\n                    <\/div>\t\n                    <div class=\"spot-parceiro-text\"> \n                        <div class=\"spot-parceiro-name mb-2\" data-mh=\"spot-name\">Seguro Fian\u00e7a<\/div>\n                        <div class=\"spot-parceiro-info pt-3\" data-mh=\"spot-info\">\u00c9 a modalidade com maior aceita\u00e7\u00e3o atualmente, com taxa a partir de 7% sobre o valor do aluguel. Pode ser utilizado para im\u00f3veis residenciais ou comerciais.<\/div>\n                        <div class=\"spot-parceiro-cta pt-2\" data-mh=\"spot-cta\">\n                            <a href=\"https:\/\/sparkadvisers.com.br\/seguro-fianca\/\" class=\"open-modal-parceiro\" tabindex=\"0\">\n                                Quero Contratar\n                            <\/a>\n                        <\/div>\t\t\n                    <\/div>\n                <\/div>\n\t\t\t<\/div>\n            <div class=\"col-md-4 text-center\">\n\t\t\t\t<div class=\"spot-parceiro animate\" data-effects=\"bottom\">\n                    <div class=\"spot-parceiro-img bg-cover-center\" style=\"background-image: url('https:\/\/sparkadvisers.com.br\/spkadv\/wp-content\/uploads\/2021\/08\/icon-capitalizacao-hover.jpg')\">\t\t\n                    <\/div>\t\n                    <div class=\"spot-parceiro-text\"> \n                        <div class=\"spot-parceiro-name mb-2\" data-mh=\"spot-name\">T\u00edtulo de Capitaliza\u00e7\u00e3o<\/div>\n                        <div class=\"spot-parceiro-info pt-3\" data-mh=\"spot-info\">O valor pode ser, em m\u00e9dia, 12 vezes o custo de aluguel incluindo as taxas de condom\u00ednio e IPTU, e \u00e9 calculado no momento da an\u00e1lise do cadastro.<\/div>\n                        <div class=\"spot-parceiro-cta pt-2\" data-mh=\"spot-cta\">\n                            <a href=\"https:\/\/sparkadvisers.com.br\/titulo-de-capitalizacao\/\" class=\"open-modal-parceiro\" tabindex=\"0\">\n                                Quero Contratar\n                            <\/a>\n                        <\/div>\t\t\n                    <\/div>\n                <\/div>\n\t\t\t<\/div>\n             <div class=\"col-md-4 text-center\">\n\t\t\t\t<div class=\"spot-parceiro animate\" data-effects=\"bottom\">\n                    <div class=\"spot-parceiro-img bg-cover-center\" style=\"background-image: url('https:\/\/sparkadvisers.com.br\/spkadv\/wp-content\/uploads\/2021\/08\/icon-fiador-hover.jpg')\">\t\t\n                    <\/div>\t\n                    <div class=\"spot-parceiro-text\"> \n                        <div class=\"spot-parceiro-name mb-2\" data-mh=\"spot-name\">Fiador<\/div>\n                        <div class=\"spot-parceiro-info pt-3\" data-mh=\"spot-info\">Cada vez menos utilizado, o inquilino recorre a uma pessoa ou casal que possa comprovar renda equivalente a no m\u00ednimo 4 vezes o valor do aluguel, al\u00e9m de 1 im\u00f3vel quitado.<\/div>\n                        <div class=\"spot-parceiro-cta pt-2\" data-mh=\"spot-cta\">\n                            <a href=\"https:\/\/sparkadvisers.com.br\/fiador\/\" class=\"open-modal-parceiro\" tabindex=\"0\">\n                                Quero Contratar\n                            <\/a>\n                        <\/div>\t\t\n                    <\/div>\n                <\/div>\n\t\t\t<\/div>\n\t\t<\/div>\n\t<\/div>\n<\/section>\n<section id=\"modalidadesfiancadesc\" class=\"modulo-modalidades-fianca p-section\"  data-effects=\"bottom\">\n\t<div class=\"container\">\n\t\t<div class=\"row\">\n\t\t\t            \n        <\/div>\n     <\/div>\n<\/section>\n            \n\n\n","protected":false},"excerpt":{"rendered":"","protected":false},"author":6,"featured_media":2310,"parent":0,"menu_order":0,"comment_status":"closed","ping_status":"closed","template":"","meta":{"_acf_changed":false,"inline_featured_image":false,"footnotes":""},"class_list":["post-13521","page","type-page","status-publish","has-post-thumbnail","hentry"],"acf":[],"yoast_head":"<!-- This site is optimized with the Yoast SEO plugin v27.5 - https:\/\/yoast.com\/product\/yoast-seo-wordpress\/ -->\n<title>Surety Bond | Sparks Advisers<\/title>\n<meta name=\"robots\" content=\"index, follow, max-snippet:-1, max-image-preview:large, max-video-preview:-1\" \/>\n<link rel=\"canonical\" href=\"https:\/\/sparkadvisers.com.br\/en\/surety-bond\/\" \/>\n<meta property=\"og:locale\" content=\"en_US\" \/>\n<meta property=\"og:type\" content=\"article\" \/>\n<meta property=\"og:title\" content=\"Surety Bond | Sparks Advisers\" \/>\n<meta property=\"og:url\" content=\"https:\/\/sparkadvisers.com.br\/en\/surety-bond\/\" \/>\n<meta property=\"og:site_name\" content=\"Sparks Advisers\" \/>\n<meta property=\"og:image\" content=\"https:\/\/sparkadvisers.com.br\/spkadv\/wp-content\/uploads\/2021\/08\/happy-young-family-sitting-in-front-of-new-house-yzp8zwz.jpg\" \/>\n\t<meta property=\"og:image:width\" content=\"1920\" \/>\n\t<meta property=\"og:image:height\" content=\"732\" \/>\n\t<meta property=\"og:image:type\" content=\"image\/jpeg\" \/>\n<meta name=\"twitter:card\" content=\"summary_large_image\" \/>\n<script type=\"application\/ld+json\" class=\"yoast-schema-graph\">{\"@context\":\"https:\\\/\\\/schema.org\",\"@graph\":[{\"@type\":\"WebPage\",\"@id\":\"https:\\\/\\\/sparkadvisers.com.br\\\/en\\\/surety-bond\\\/\",\"url\":\"https:\\\/\\\/sparkadvisers.com.br\\\/en\\\/surety-bond\\\/\",\"name\":\"Surety Bond | Sparks Advisers\",\"isPartOf\":{\"@id\":\"https:\\\/\\\/sparkadvisers.com.br\\\/#website\"},\"primaryImageOfPage\":{\"@id\":\"https:\\\/\\\/sparkadvisers.com.br\\\/en\\\/surety-bond\\\/#primaryimage\"},\"image\":{\"@id\":\"https:\\\/\\\/sparkadvisers.com.br\\\/en\\\/surety-bond\\\/#primaryimage\"},\"thumbnailUrl\":\"https:\\\/\\\/sparkadvisers.com.br\\\/spkadv\\\/wp-content\\\/uploads\\\/2021\\\/08\\\/happy-young-family-sitting-in-front-of-new-house-yzp8zwz.jpg\",\"datePublished\":\"2022-08-03T18:59:56+00:00\",\"breadcrumb\":{\"@id\":\"https:\\\/\\\/sparkadvisers.com.br\\\/en\\\/surety-bond\\\/#breadcrumb\"},\"inLanguage\":\"en-US\",\"potentialAction\":[{\"@type\":\"ReadAction\",\"target\":[\"https:\\\/\\\/sparkadvisers.com.br\\\/en\\\/surety-bond\\\/\"]}]},{\"@type\":\"ImageObject\",\"inLanguage\":\"en-US\",\"@id\":\"https:\\\/\\\/sparkadvisers.com.br\\\/en\\\/surety-bond\\\/#primaryimage\",\"url\":\"https:\\\/\\\/sparkadvisers.com.br\\\/spkadv\\\/wp-content\\\/uploads\\\/2021\\\/08\\\/happy-young-family-sitting-in-front-of-new-house-yzp8zwz.jpg\",\"contentUrl\":\"https:\\\/\\\/sparkadvisers.com.br\\\/spkadv\\\/wp-content\\\/uploads\\\/2021\\\/08\\\/happy-young-family-sitting-in-front-of-new-house-yzp8zwz.jpg\",\"width\":1920,\"height\":732},{\"@type\":\"BreadcrumbList\",\"@id\":\"https:\\\/\\\/sparkadvisers.com.br\\\/en\\\/surety-bond\\\/#breadcrumb\",\"itemListElement\":[{\"@type\":\"ListItem\",\"position\":1,\"name\":\"In\u00edcio\",\"item\":\"https:\\\/\\\/sparkadvisers.com.br\\\/en\\\/\"},{\"@type\":\"ListItem\",\"position\":2,\"name\":\"Surety Bond\"}]},{\"@type\":\"WebSite\",\"@id\":\"https:\\\/\\\/sparkadvisers.com.br\\\/#website\",\"url\":\"https:\\\/\\\/sparkadvisers.com.br\\\/\",\"name\":\"Sparks Advisers\",\"description\":\"Explore new territories.\",\"publisher\":{\"@id\":\"https:\\\/\\\/sparkadvisers.com.br\\\/#organization\"},\"potentialAction\":[{\"@type\":\"SearchAction\",\"target\":{\"@type\":\"EntryPoint\",\"urlTemplate\":\"https:\\\/\\\/sparkadvisers.com.br\\\/?s={search_term_string}\"},\"query-input\":{\"@type\":\"PropertyValueSpecification\",\"valueRequired\":true,\"valueName\":\"search_term_string\"}}],\"inLanguage\":\"en-US\"},{\"@type\":\"Organization\",\"@id\":\"https:\\\/\\\/sparkadvisers.com.br\\\/#organization\",\"name\":\"Spark Advisers\",\"url\":\"https:\\\/\\\/sparkadvisers.com.br\\\/\",\"logo\":{\"@type\":\"ImageObject\",\"inLanguage\":\"en-US\",\"@id\":\"https:\\\/\\\/sparkadvisers.com.br\\\/#\\\/schema\\\/logo\\\/image\\\/\",\"url\":\"https:\\\/\\\/sparkadvisers.com.br\\\/spkadv\\\/wp-content\\\/uploads\\\/2020\\\/11\\\/logo.png\",\"contentUrl\":\"https:\\\/\\\/sparkadvisers.com.br\\\/spkadv\\\/wp-content\\\/uploads\\\/2020\\\/11\\\/logo.png\",\"width\":123,\"height\":37,\"caption\":\"Spark Advisers\"},\"image\":{\"@id\":\"https:\\\/\\\/sparkadvisers.com.br\\\/#\\\/schema\\\/logo\\\/image\\\/\"}}]}<\/script>\n<!-- \/ Yoast SEO plugin. -->","yoast_head_json":{"title":"Surety Bond | Sparks Advisers","robots":{"index":"index","follow":"follow","max-snippet":"max-snippet:-1","max-image-preview":"max-image-preview:large","max-video-preview":"max-video-preview:-1"},"canonical":"https:\/\/sparkadvisers.com.br\/en\/surety-bond\/","og_locale":"en_US","og_type":"article","og_title":"Surety Bond | Sparks Advisers","og_url":"https:\/\/sparkadvisers.com.br\/en\/surety-bond\/","og_site_name":"Sparks Advisers","og_image":[{"width":1920,"height":732,"url":"https:\/\/sparkadvisers.com.br\/spkadv\/wp-content\/uploads\/2021\/08\/happy-young-family-sitting-in-front-of-new-house-yzp8zwz.jpg","type":"image\/jpeg"}],"twitter_card":"summary_large_image","schema":{"@context":"https:\/\/schema.org","@graph":[{"@type":"WebPage","@id":"https:\/\/sparkadvisers.com.br\/en\/surety-bond\/","url":"https:\/\/sparkadvisers.com.br\/en\/surety-bond\/","name":"Surety Bond | Sparks Advisers","isPartOf":{"@id":"https:\/\/sparkadvisers.com.br\/#website"},"primaryImageOfPage":{"@id":"https:\/\/sparkadvisers.com.br\/en\/surety-bond\/#primaryimage"},"image":{"@id":"https:\/\/sparkadvisers.com.br\/en\/surety-bond\/#primaryimage"},"thumbnailUrl":"https:\/\/sparkadvisers.com.br\/spkadv\/wp-content\/uploads\/2021\/08\/happy-young-family-sitting-in-front-of-new-house-yzp8zwz.jpg","datePublished":"2022-08-03T18:59:56+00:00","breadcrumb":{"@id":"https:\/\/sparkadvisers.com.br\/en\/surety-bond\/#breadcrumb"},"inLanguage":"en-US","potentialAction":[{"@type":"ReadAction","target":["https:\/\/sparkadvisers.com.br\/en\/surety-bond\/"]}]},{"@type":"ImageObject","inLanguage":"en-US","@id":"https:\/\/sparkadvisers.com.br\/en\/surety-bond\/#primaryimage","url":"https:\/\/sparkadvisers.com.br\/spkadv\/wp-content\/uploads\/2021\/08\/happy-young-family-sitting-in-front-of-new-house-yzp8zwz.jpg","contentUrl":"https:\/\/sparkadvisers.com.br\/spkadv\/wp-content\/uploads\/2021\/08\/happy-young-family-sitting-in-front-of-new-house-yzp8zwz.jpg","width":1920,"height":732},{"@type":"BreadcrumbList","@id":"https:\/\/sparkadvisers.com.br\/en\/surety-bond\/#breadcrumb","itemListElement":[{"@type":"ListItem","position":1,"name":"In\u00edcio","item":"https:\/\/sparkadvisers.com.br\/en\/"},{"@type":"ListItem","position":2,"name":"Surety Bond"}]},{"@type":"WebSite","@id":"https:\/\/sparkadvisers.com.br\/#website","url":"https:\/\/sparkadvisers.com.br\/","name":"Sparks Advisers","description":"Explore new territories.","publisher":{"@id":"https:\/\/sparkadvisers.com.br\/#organization"},"potentialAction":[{"@type":"SearchAction","target":{"@type":"EntryPoint","urlTemplate":"https:\/\/sparkadvisers.com.br\/?s={search_term_string}"},"query-input":{"@type":"PropertyValueSpecification","valueRequired":true,"valueName":"search_term_string"}}],"inLanguage":"en-US"},{"@type":"Organization","@id":"https:\/\/sparkadvisers.com.br\/#organization","name":"Spark Advisers","url":"https:\/\/sparkadvisers.com.br\/","logo":{"@type":"ImageObject","inLanguage":"en-US","@id":"https:\/\/sparkadvisers.com.br\/#\/schema\/logo\/image\/","url":"https:\/\/sparkadvisers.com.br\/spkadv\/wp-content\/uploads\/2020\/11\/logo.png","contentUrl":"https:\/\/sparkadvisers.com.br\/spkadv\/wp-content\/uploads\/2020\/11\/logo.png","width":123,"height":37,"caption":"Spark Advisers"},"image":{"@id":"https:\/\/sparkadvisers.com.br\/#\/schema\/logo\/image\/"}}]}},"_links":{"self":[{"href":"https:\/\/sparkadvisers.com.br\/en\/wp-json\/wp\/v2\/pages\/13521","targetHints":{"allow":["GET"]}}],"collection":[{"href":"https:\/\/sparkadvisers.com.br\/en\/wp-json\/wp\/v2\/pages"}],"about":[{"href":"https:\/\/sparkadvisers.com.br\/en\/wp-json\/wp\/v2\/types\/page"}],"author":[{"embeddable":true,"href":"https:\/\/sparkadvisers.com.br\/en\/wp-json\/wp\/v2\/users\/6"}],"replies":[{"embeddable":true,"href":"https:\/\/sparkadvisers.com.br\/en\/wp-json\/wp\/v2\/comments?post=13521"}],"version-history":[{"count":1,"href":"https:\/\/sparkadvisers.com.br\/en\/wp-json\/wp\/v2\/pages\/13521\/revisions"}],"predecessor-version":[{"id":13522,"href":"https:\/\/sparkadvisers.com.br\/en\/wp-json\/wp\/v2\/pages\/13521\/revisions\/13522"}],"wp:featuredmedia":[{"embeddable":true,"href":"https:\/\/sparkadvisers.com.br\/en\/wp-json\/wp\/v2\/media\/2310"}],"wp:attachment":[{"href":"https:\/\/sparkadvisers.com.br\/en\/wp-json\/wp\/v2\/media?parent=13521"}],"curies":[{"name":"wp","href":"https:\/\/api.w.org\/{rel}","templated":true}]}}